{"id":30,"date":"2023-03-01T10:04:40","date_gmt":"2023-03-01T10:04:40","guid":{"rendered":"https:\/\/sr-group.no\/?page_id=30"},"modified":"2026-02-09T14:00:01","modified_gmt":"2026-02-09T14:00:01","slug":"khms","status":"publish","type":"page","link":"https:\/\/sr-group.no\/en\/selskapet\/khms\/","title":{"rendered":"KHMS og Sertifiseringer"},"content":{"rendered":"<p data-start=\"199\" data-end=\"579\">SR Group er et av Norges st\u00f8rste privateide logistikkselskaper, og vi setter helse, milj\u00f8, sikkerhet og kvalitet i sentrum av alt vi gj\u00f8r. Alt personell som benyttes i produksjon er fast ansatte i SR Group. Dette gir oss full kontroll p\u00e5 kompetanse, sertifikater og oppl\u00e6ring, og legger grunnlaget for en sterk sikkerhetskultur preget av ansvar, gode holdninger og felles verdier.<\/p>\n<p data-start=\"581\" data-end=\"807\">Vi har en nullvisjon for ulykker og u\u00f8nskede hendelser. For \u00e5 n\u00e5 denne m\u00e5lsettingen stiller vi h\u00f8ye krav til faglig kompetanse, tydelige prosedyrer, god kommunikasjon og n\u00f8dvendig spr\u00e5kforst\u00e5else i alle ledd av organisasjonen.<\/p>\n<p data-start=\"809\" data-end=\"1160\">V\u00e5rt arbeid er dokumentert gjennom anerkjente sertifiseringer og godkjenninger.<br \/>\nPer i dag er v\u00e5re avdelinger i Stavanger, Kristiansund og Mongstad ISO-sertifisert.<\/p>","protected":false},"excerpt":{"rendered":"<p>SR Group er et av Norges st\u00f8rste privateide logistikkselskaper, og vi setter helse, milj\u00f8, sikkerhet og kvalitet i sentrum av alt vi gj\u00f8r. Alt personell som benyttes i produksjon er fast ansatte i SR Group. Dette gir oss full kontroll p\u00e5 kompetanse, sertifikater og oppl\u00e6ring, og legger grunnlaget for en sterk sikkerhetskultur preget av ansvar, [&hellip;]<\/p>\n","protected":false},"author":1,"featured_media":6635,"parent":22,"menu_order":5,"comment_status":"closed","ping_status":"closed","template":"","meta":{"_acf_changed":false,"inline_featured_image":false,"footnotes":""},"class_list":["post-30","page","type-page","status-publish","has-post-thumbnail","hentry"],"acf":[],"yoast_head":"<!-- This site is optimized with the Yoast SEO plugin v27.3 - https:\/\/yoast.com\/product\/yoast-seo-wordpress\/ -->\n<title>KHMS og Sertifiseringer - SR Group<\/title>\n<meta name=\"description\" content=\"Med helse, milj\u00f8, sikkerhet og kvalitet i sentrum av alt vi gj\u00f8r\" \/>\n<meta name=\"robots\" content=\"index, follow, max-snippet:-1, max-image-preview:large, max-video-preview:-1\" \/>\n<link rel=\"canonical\" href=\"https:\/\/sr-group.no\/en\/the-company\/khms\/\" \/>\n<meta property=\"og:locale\" content=\"en_GB\" \/>\n<meta property=\"og:type\" content=\"article\" \/>\n<meta property=\"og:title\" content=\"KHMS og Sertifiseringer - SR Group\" \/>\n<meta property=\"og:description\" content=\"Med helse, milj\u00f8, sikkerhet og kvalitet i sentrum av alt vi gj\u00f8r\" \/>\n<meta property=\"og:url\" content=\"https:\/\/sr-group.no\/en\/the-company\/khms\/\" \/>\n<meta property=\"og:site_name\" content=\"SR Group\" \/>\n<meta property=\"article:publisher\" content=\"https:\/\/www.facebook.com\/srgroupas\/\" \/>\n<meta property=\"article:modified_time\" content=\"2026-02-09T14:00:01+00:00\" \/>\n<meta property=\"og:image\" content=\"https:\/\/sr-group.no\/wp-content\/uploads\/2023\/03\/karriere-sr-group-151117-3513.jpg\" \/>\n\t<meta property=\"og:image:width\" content=\"900\" \/>\n\t<meta property=\"og:image:height\" content=\"506\" \/>\n\t<meta property=\"og:image:type\" content=\"image\/jpeg\" \/>\n<meta name=\"twitter:card\" content=\"summary_large_image\" \/>\n<meta name=\"twitter:label1\" content=\"Estimated reading time\" \/>\n\t<meta name=\"twitter:data1\" content=\"1 minute\" \/>\n<script type=\"application\/ld+json\" class=\"yoast-schema-graph\">{\"@context\":\"https:\\\/\\\/schema.org\",\"@graph\":[{\"@type\":\"WebPage\",\"@id\":\"https:\\\/\\\/sr-group.no\\\/selskapet\\\/khms\\\/\",\"url\":\"https:\\\/\\\/sr-group.no\\\/selskapet\\\/khms\\\/\",\"name\":\"KHMS og Sertifiseringer - SR Group\",\"isPartOf\":{\"@id\":\"https:\\\/\\\/sr-group.no\\\/#website\"},\"primaryImageOfPage\":{\"@id\":\"https:\\\/\\\/sr-group.no\\\/selskapet\\\/khms\\\/#primaryimage\"},\"image\":{\"@id\":\"https:\\\/\\\/sr-group.no\\\/selskapet\\\/khms\\\/#primaryimage\"},\"thumbnailUrl\":\"https:\\\/\\\/sr-group.no\\\/wp-content\\\/uploads\\\/2023\\\/03\\\/karriere-sr-group-151117-3513.jpg\",\"datePublished\":\"2023-03-01T10:04:40+00:00\",\"dateModified\":\"2026-02-09T14:00:01+00:00\",\"description\":\"Med helse, milj\u00f8, sikkerhet og kvalitet i sentrum av alt vi gj\u00f8r\",\"breadcrumb\":{\"@id\":\"https:\\\/\\\/sr-group.no\\\/selskapet\\\/khms\\\/#breadcrumb\"},\"inLanguage\":\"en-GB\",\"potentialAction\":[{\"@type\":\"ReadAction\",\"target\":[\"https:\\\/\\\/sr-group.no\\\/selskapet\\\/khms\\\/\"]}]},{\"@type\":\"ImageObject\",\"inLanguage\":\"en-GB\",\"@id\":\"https:\\\/\\\/sr-group.no\\\/selskapet\\\/khms\\\/#primaryimage\",\"url\":\"https:\\\/\\\/sr-group.no\\\/wp-content\\\/uploads\\\/2023\\\/03\\\/karriere-sr-group-151117-3513.jpg\",\"contentUrl\":\"https:\\\/\\\/sr-group.no\\\/wp-content\\\/uploads\\\/2023\\\/03\\\/karriere-sr-group-151117-3513.jpg\",\"width\":900,\"height\":506},{\"@type\":\"BreadcrumbList\",\"@id\":\"https:\\\/\\\/sr-group.no\\\/selskapet\\\/khms\\\/#breadcrumb\",\"itemListElement\":[{\"@type\":\"ListItem\",\"position\":1,\"name\":\"Hjem\",\"item\":\"https:\\\/\\\/sr-group.no\\\/\"},{\"@type\":\"ListItem\",\"position\":2,\"name\":\"Selskapet\",\"item\":\"https:\\\/\\\/sr-group.no\\\/selskapet\\\/\"},{\"@type\":\"ListItem\",\"position\":3,\"name\":\"KHMS og Sertifiseringer\"}]},{\"@type\":\"WebSite\",\"@id\":\"https:\\\/\\\/sr-group.no\\\/#website\",\"url\":\"https:\\\/\\\/sr-group.no\\\/\",\"name\":\"SR Group\",\"description\":\"\",\"publisher\":{\"@id\":\"https:\\\/\\\/sr-group.no\\\/#organization\"},\"potentialAction\":[{\"@type\":\"SearchAction\",\"target\":{\"@type\":\"EntryPoint\",\"urlTemplate\":\"https:\\\/\\\/sr-group.no\\\/?s={search_term_string}\"},\"query-input\":{\"@type\":\"PropertyValueSpecification\",\"valueRequired\":true,\"valueName\":\"search_term_string\"}}],\"inLanguage\":\"en-GB\"},{\"@type\":\"Organization\",\"@id\":\"https:\\\/\\\/sr-group.no\\\/#organization\",\"name\":\"SR Group\",\"url\":\"https:\\\/\\\/sr-group.no\\\/\",\"logo\":{\"@type\":\"ImageObject\",\"inLanguage\":\"en-GB\",\"@id\":\"https:\\\/\\\/sr-group.no\\\/#\\\/schema\\\/logo\\\/image\\\/\",\"url\":\"https:\\\/\\\/sr-group.no\\\/wp-content\\\/uploads\\\/2023\\\/03\\\/sr-group-logo-whiteBG-300.svg\",\"contentUrl\":\"https:\\\/\\\/sr-group.no\\\/wp-content\\\/uploads\\\/2023\\\/03\\\/sr-group-logo-whiteBG-300.svg\",\"width\":299,\"height\":83,\"caption\":\"SR Group\"},\"image\":{\"@id\":\"https:\\\/\\\/sr-group.no\\\/#\\\/schema\\\/logo\\\/image\\\/\"},\"sameAs\":[\"https:\\\/\\\/www.facebook.com\\\/srgroupas\\\/\",\"https:\\\/\\\/www.instagram.com\\\/srgroupas\\\/\",\"https:\\\/\\\/www.linkedin.com\\\/company\\\/srgroupas\\\/\",\"https:\\\/\\\/www.youtube.com\\\/channel\\\/UCtGTRnOdUB-Wz7Hj5kCSKVQ\"]}]}<\/script>\n<!-- \/ Yoast SEO plugin. -->","yoast_head_json":{"title":"KHMS og Sertifiseringer - SR Group","description":"Med helse, milj\u00f8, sikkerhet og kvalitet i sentrum av alt vi gj\u00f8r","robots":{"index":"index","follow":"follow","max-snippet":"max-snippet:-1","max-image-preview":"max-image-preview:large","max-video-preview":"max-video-preview:-1"},"canonical":"https:\/\/sr-group.no\/en\/the-company\/khms\/","og_locale":"en_GB","og_type":"article","og_title":"KHMS og Sertifiseringer - SR Group","og_description":"Med helse, milj\u00f8, sikkerhet og kvalitet i sentrum av alt vi gj\u00f8r","og_url":"https:\/\/sr-group.no\/en\/the-company\/khms\/","og_site_name":"SR Group","article_publisher":"https:\/\/www.facebook.com\/srgroupas\/","article_modified_time":"2026-02-09T14:00:01+00:00","og_image":[{"width":900,"height":506,"url":"https:\/\/sr-group.no\/wp-content\/uploads\/2023\/03\/karriere-sr-group-151117-3513.jpg","type":"image\/jpeg"}],"twitter_card":"summary_large_image","twitter_misc":{"Estimated reading time":"1 minute"},"schema":{"@context":"https:\/\/schema.org","@graph":[{"@type":"WebPage","@id":"https:\/\/sr-group.no\/selskapet\/khms\/","url":"https:\/\/sr-group.no\/selskapet\/khms\/","name":"KHMS og Sertifiseringer - SR Group","isPartOf":{"@id":"https:\/\/sr-group.no\/#website"},"primaryImageOfPage":{"@id":"https:\/\/sr-group.no\/selskapet\/khms\/#primaryimage"},"image":{"@id":"https:\/\/sr-group.no\/selskapet\/khms\/#primaryimage"},"thumbnailUrl":"https:\/\/sr-group.no\/wp-content\/uploads\/2023\/03\/karriere-sr-group-151117-3513.jpg","datePublished":"2023-03-01T10:04:40+00:00","dateModified":"2026-02-09T14:00:01+00:00","description":"Med helse, milj\u00f8, sikkerhet og kvalitet i sentrum av alt vi gj\u00f8r","breadcrumb":{"@id":"https:\/\/sr-group.no\/selskapet\/khms\/#breadcrumb"},"inLanguage":"en-GB","potentialAction":[{"@type":"ReadAction","target":["https:\/\/sr-group.no\/selskapet\/khms\/"]}]},{"@type":"ImageObject","inLanguage":"en-GB","@id":"https:\/\/sr-group.no\/selskapet\/khms\/#primaryimage","url":"https:\/\/sr-group.no\/wp-content\/uploads\/2023\/03\/karriere-sr-group-151117-3513.jpg","contentUrl":"https:\/\/sr-group.no\/wp-content\/uploads\/2023\/03\/karriere-sr-group-151117-3513.jpg","width":900,"height":506},{"@type":"BreadcrumbList","@id":"https:\/\/sr-group.no\/selskapet\/khms\/#breadcrumb","itemListElement":[{"@type":"ListItem","position":1,"name":"Hjem","item":"https:\/\/sr-group.no\/"},{"@type":"ListItem","position":2,"name":"Selskapet","item":"https:\/\/sr-group.no\/selskapet\/"},{"@type":"ListItem","position":3,"name":"KHMS og Sertifiseringer"}]},{"@type":"WebSite","@id":"https:\/\/sr-group.no\/#website","url":"https:\/\/sr-group.no\/","name":"SR Group","description":"","publisher":{"@id":"https:\/\/sr-group.no\/#organization"},"potentialAction":[{"@type":"SearchAction","target":{"@type":"EntryPoint","urlTemplate":"https:\/\/sr-group.no\/?s={search_term_string}"},"query-input":{"@type":"PropertyValueSpecification","valueRequired":true,"valueName":"search_term_string"}}],"inLanguage":"en-GB"},{"@type":"Organization","@id":"https:\/\/sr-group.no\/#organization","name":"SR Group","url":"https:\/\/sr-group.no\/","logo":{"@type":"ImageObject","inLanguage":"en-GB","@id":"https:\/\/sr-group.no\/#\/schema\/logo\/image\/","url":"https:\/\/sr-group.no\/wp-content\/uploads\/2023\/03\/sr-group-logo-whiteBG-300.svg","contentUrl":"https:\/\/sr-group.no\/wp-content\/uploads\/2023\/03\/sr-group-logo-whiteBG-300.svg","width":299,"height":83,"caption":"SR Group"},"image":{"@id":"https:\/\/sr-group.no\/#\/schema\/logo\/image\/"},"sameAs":["https:\/\/www.facebook.com\/srgroupas\/","https:\/\/www.instagram.com\/srgroupas\/","https:\/\/www.linkedin.com\/company\/srgroupas\/","https:\/\/www.youtube.com\/channel\/UCtGTRnOdUB-Wz7Hj5kCSKVQ"]}]}},"_links":{"self":[{"href":"https:\/\/sr-group.no\/en\/wp-json\/wp\/v2\/pages\/30","targetHints":{"allow":["GET"]}}],"collection":[{"href":"https:\/\/sr-group.no\/en\/wp-json\/wp\/v2\/pages"}],"about":[{"href":"https:\/\/sr-group.no\/en\/wp-json\/wp\/v2\/types\/page"}],"author":[{"embeddable":true,"href":"https:\/\/sr-group.no\/en\/wp-json\/wp\/v2\/users\/1"}],"replies":[{"embeddable":true,"href":"https:\/\/sr-group.no\/en\/wp-json\/wp\/v2\/comments?post=30"}],"version-history":[{"count":0,"href":"https:\/\/sr-group.no\/en\/wp-json\/wp\/v2\/pages\/30\/revisions"}],"up":[{"embeddable":true,"href":"https:\/\/sr-group.no\/en\/wp-json\/wp\/v2\/pages\/22"}],"wp:featuredmedia":[{"embeddable":true,"href":"https:\/\/sr-group.no\/en\/wp-json\/wp\/v2\/media\/6635"}],"wp:attachment":[{"href":"https:\/\/sr-group.no\/en\/wp-json\/wp\/v2\/media?parent=30"}],"curies":[{"name":"wp","href":"https:\/\/api.w.org\/{rel}","templated":true}]}}