{"id":28,"date":"2023-03-01T10:04:16","date_gmt":"2023-03-01T10:04:16","guid":{"rendered":"https:\/\/sr-group.no\/?page_id=28"},"modified":"2026-04-08T12:05:13","modified_gmt":"2026-04-08T12:05:13","slug":"apenhetsloven","status":"publish","type":"page","link":"https:\/\/sr-group.no\/en\/selskapet\/apenhetsloven\/","title":{"rendered":"Basic human rights"},"content":{"rendered":"<p>SR Group is working both internally and with partners and suppliers to secure basic human rights and decent working conditions. Decent working conditions mean obligated health, environment and safety conditions at workplace, social and cultural rights, and decent compensation schemes above any decided minimum. Employees should also be permitted to organize in any worker union. SR Group expects all our partners and suppliers to meet these requirements.<\/p>\n<p>The general manager is responsible for compliance with laws and requirements! Each individual employee is obliged to follow established routines and report any breaches to the management.<\/p>\n<p>If SR Group suspects any of our suppliers and partners are not compliant with the requirements for human rights and decent working conditions, SR Group will investigate the incident and ensure that the necessary measures are implemented. Serious violations of our guidelines may result in the termination of cooperation agreements and contracts.<\/p>","protected":false},"excerpt":{"rendered":"<p>SR Group arbeider for grunnleggende menneskerettigheter og anstendig arbeidsforhold internt og hos v\u00e5re samarbeidspartnere og leverand\u00f8rer. Med anstendig arbeidsforhold menes ivaretagelse av Helse Milj\u00f8 og Sikkerhet p\u00e5 arbeidsplassen, sosiale og kulturelle rettigheter og at ansatte gis en l\u00f8nn de kan leve av. Videre skal alle krav til minstel\u00f8nn ivaretas. Ansatte skal ogs\u00e5 st\u00e5 fritt til [&hellip;]<\/p>\n","protected":false},"author":1,"featured_media":6553,"parent":22,"menu_order":4,"comment_status":"closed","ping_status":"closed","template":"","meta":{"_acf_changed":false,"inline_featured_image":false,"footnotes":""},"class_list":["post-28","page","type-page","status-publish","has-post-thumbnail","hentry"],"acf":[],"yoast_head":"<!-- This site is optimized with the Yoast SEO plugin v27.3 - https:\/\/yoast.com\/product\/yoast-seo-wordpress\/ -->\n<title>\u00c5penhetsloven - SR Group<\/title>\n<meta name=\"description\" content=\"SR Group arbeider for grunnleggende menneskerettigheter og anstendig arbeidsforhold internt og hos v\u00e5re samarbeidspartnere og leverand\u00f8rer. Med anstendig arbeidsforhold menes ivaretagelse av Helse Milj\u00f8 og Sikkerhet p\u00e5 arbeidsplassen, sosiale og kulturelle rettigheter og at ansatte gis en l\u00f8nn de kan leve av.\" \/>\n<meta name=\"robots\" content=\"index, follow, max-snippet:-1, max-image-preview:large, max-video-preview:-1\" \/>\n<link rel=\"canonical\" href=\"https:\/\/sr-group.no\/en\/the-company\/apenhetsloven\/\" \/>\n<meta property=\"og:locale\" content=\"en_GB\" \/>\n<meta property=\"og:type\" content=\"article\" \/>\n<meta property=\"og:title\" content=\"\u00c5penhetsloven - SR Group\" \/>\n<meta property=\"og:description\" content=\"SR Group arbeider for grunnleggende menneskerettigheter og anstendig arbeidsforhold internt og hos v\u00e5re samarbeidspartnere og leverand\u00f8rer. Med anstendig arbeidsforhold menes ivaretagelse av Helse Milj\u00f8 og Sikkerhet p\u00e5 arbeidsplassen, sosiale og kulturelle rettigheter og at ansatte gis en l\u00f8nn de kan leve av.\" \/>\n<meta property=\"og:url\" content=\"https:\/\/sr-group.no\/en\/the-company\/apenhetsloven\/\" \/>\n<meta property=\"og:site_name\" content=\"SR Group\" \/>\n<meta property=\"article:publisher\" content=\"https:\/\/www.facebook.com\/srgroupas\/\" \/>\n<meta property=\"article:modified_time\" content=\"2026-04-08T12:05:13+00:00\" \/>\n<meta property=\"og:image\" content=\"https:\/\/sr-group.no\/wp-content\/uploads\/2023\/03\/kontakt-forside-DSC_5999.jpg\" \/>\n\t<meta property=\"og:image:width\" content=\"1600\" \/>\n\t<meta property=\"og:image:height\" content=\"900\" \/>\n\t<meta property=\"og:image:type\" content=\"image\/jpeg\" \/>\n<meta name=\"twitter:card\" content=\"summary_large_image\" \/>\n<meta name=\"twitter:label1\" content=\"Estimated reading time\" \/>\n\t<meta name=\"twitter:data1\" content=\"2 minutes\" \/>\n<script type=\"application\/ld+json\" class=\"yoast-schema-graph\">{\"@context\":\"https:\\\/\\\/schema.org\",\"@graph\":[{\"@type\":\"WebPage\",\"@id\":\"https:\\\/\\\/sr-group.no\\\/selskapet\\\/apenhetsloven\\\/\",\"url\":\"https:\\\/\\\/sr-group.no\\\/selskapet\\\/apenhetsloven\\\/\",\"name\":\"\u00c5penhetsloven - SR Group\",\"isPartOf\":{\"@id\":\"https:\\\/\\\/sr-group.no\\\/#website\"},\"primaryImageOfPage\":{\"@id\":\"https:\\\/\\\/sr-group.no\\\/selskapet\\\/apenhetsloven\\\/#primaryimage\"},\"image\":{\"@id\":\"https:\\\/\\\/sr-group.no\\\/selskapet\\\/apenhetsloven\\\/#primaryimage\"},\"thumbnailUrl\":\"https:\\\/\\\/sr-group.no\\\/wp-content\\\/uploads\\\/2023\\\/03\\\/kontakt-forside-DSC_5999.jpg\",\"datePublished\":\"2023-03-01T10:04:16+00:00\",\"dateModified\":\"2026-04-08T12:05:13+00:00\",\"description\":\"SR Group arbeider for grunnleggende menneskerettigheter og anstendig arbeidsforhold internt og hos v\u00e5re samarbeidspartnere og leverand\u00f8rer. Med anstendig arbeidsforhold menes ivaretagelse av Helse Milj\u00f8 og Sikkerhet p\u00e5 arbeidsplassen, sosiale og kulturelle rettigheter og at ansatte gis en l\u00f8nn de kan leve av.\",\"breadcrumb\":{\"@id\":\"https:\\\/\\\/sr-group.no\\\/selskapet\\\/apenhetsloven\\\/#breadcrumb\"},\"inLanguage\":\"en-GB\",\"potentialAction\":[{\"@type\":\"ReadAction\",\"target\":[\"https:\\\/\\\/sr-group.no\\\/selskapet\\\/apenhetsloven\\\/\"]}]},{\"@type\":\"ImageObject\",\"inLanguage\":\"en-GB\",\"@id\":\"https:\\\/\\\/sr-group.no\\\/selskapet\\\/apenhetsloven\\\/#primaryimage\",\"url\":\"https:\\\/\\\/sr-group.no\\\/wp-content\\\/uploads\\\/2023\\\/03\\\/kontakt-forside-DSC_5999.jpg\",\"contentUrl\":\"https:\\\/\\\/sr-group.no\\\/wp-content\\\/uploads\\\/2023\\\/03\\\/kontakt-forside-DSC_5999.jpg\",\"width\":1600,\"height\":900},{\"@type\":\"BreadcrumbList\",\"@id\":\"https:\\\/\\\/sr-group.no\\\/selskapet\\\/apenhetsloven\\\/#breadcrumb\",\"itemListElement\":[{\"@type\":\"ListItem\",\"position\":1,\"name\":\"Hjem\",\"item\":\"https:\\\/\\\/sr-group.no\\\/\"},{\"@type\":\"ListItem\",\"position\":2,\"name\":\"Selskapet\",\"item\":\"https:\\\/\\\/sr-group.no\\\/selskapet\\\/\"},{\"@type\":\"ListItem\",\"position\":3,\"name\":\"\u00c5penhetsloven\"}]},{\"@type\":\"WebSite\",\"@id\":\"https:\\\/\\\/sr-group.no\\\/#website\",\"url\":\"https:\\\/\\\/sr-group.no\\\/\",\"name\":\"SR Group\",\"description\":\"\",\"publisher\":{\"@id\":\"https:\\\/\\\/sr-group.no\\\/#organization\"},\"potentialAction\":[{\"@type\":\"SearchAction\",\"target\":{\"@type\":\"EntryPoint\",\"urlTemplate\":\"https:\\\/\\\/sr-group.no\\\/?s={search_term_string}\"},\"query-input\":{\"@type\":\"PropertyValueSpecification\",\"valueRequired\":true,\"valueName\":\"search_term_string\"}}],\"inLanguage\":\"en-GB\"},{\"@type\":\"Organization\",\"@id\":\"https:\\\/\\\/sr-group.no\\\/#organization\",\"name\":\"SR Group\",\"url\":\"https:\\\/\\\/sr-group.no\\\/\",\"logo\":{\"@type\":\"ImageObject\",\"inLanguage\":\"en-GB\",\"@id\":\"https:\\\/\\\/sr-group.no\\\/#\\\/schema\\\/logo\\\/image\\\/\",\"url\":\"https:\\\/\\\/sr-group.no\\\/wp-content\\\/uploads\\\/2023\\\/03\\\/sr-group-logo-whiteBG-300.svg\",\"contentUrl\":\"https:\\\/\\\/sr-group.no\\\/wp-content\\\/uploads\\\/2023\\\/03\\\/sr-group-logo-whiteBG-300.svg\",\"width\":299,\"height\":83,\"caption\":\"SR Group\"},\"image\":{\"@id\":\"https:\\\/\\\/sr-group.no\\\/#\\\/schema\\\/logo\\\/image\\\/\"},\"sameAs\":[\"https:\\\/\\\/www.facebook.com\\\/srgroupas\\\/\",\"https:\\\/\\\/www.instagram.com\\\/srgroupas\\\/\",\"https:\\\/\\\/www.linkedin.com\\\/company\\\/srgroupas\\\/\",\"https:\\\/\\\/www.youtube.com\\\/channel\\\/UCtGTRnOdUB-Wz7Hj5kCSKVQ\"]}]}<\/script>\n<!-- \/ Yoast SEO plugin. -->","yoast_head_json":{"title":"The Transparency Act - SR Group","description":"SR Group strives to promote fundamental human rights and decent working conditions internally and at our business partners and suppliers. Decent working conditions mean safeguarding health, safety and the environment in the workplace, social and cultural rights and that employees are paid a living wage.","robots":{"index":"index","follow":"follow","max-snippet":"max-snippet:-1","max-image-preview":"max-image-preview:large","max-video-preview":"max-video-preview:-1"},"canonical":"https:\/\/sr-group.no\/en\/the-company\/apenhetsloven\/","og_locale":"en_GB","og_type":"article","og_title":"\u00c5penhetsloven - SR Group","og_description":"SR Group arbeider for grunnleggende menneskerettigheter og anstendig arbeidsforhold internt og hos v\u00e5re samarbeidspartnere og leverand\u00f8rer. Med anstendig arbeidsforhold menes ivaretagelse av Helse Milj\u00f8 og Sikkerhet p\u00e5 arbeidsplassen, sosiale og kulturelle rettigheter og at ansatte gis en l\u00f8nn de kan leve av.","og_url":"https:\/\/sr-group.no\/en\/the-company\/apenhetsloven\/","og_site_name":"SR Group","article_publisher":"https:\/\/www.facebook.com\/srgroupas\/","article_modified_time":"2026-04-08T12:05:13+00:00","og_image":[{"width":1600,"height":900,"url":"https:\/\/sr-group.no\/wp-content\/uploads\/2023\/03\/kontakt-forside-DSC_5999.jpg","type":"image\/jpeg"}],"twitter_card":"summary_large_image","twitter_misc":{"Estimated reading time":"2 minutes"},"schema":{"@context":"https:\/\/schema.org","@graph":[{"@type":"WebPage","@id":"https:\/\/sr-group.no\/selskapet\/apenhetsloven\/","url":"https:\/\/sr-group.no\/selskapet\/apenhetsloven\/","name":"The Transparency Act - SR Group","isPartOf":{"@id":"https:\/\/sr-group.no\/#website"},"primaryImageOfPage":{"@id":"https:\/\/sr-group.no\/selskapet\/apenhetsloven\/#primaryimage"},"image":{"@id":"https:\/\/sr-group.no\/selskapet\/apenhetsloven\/#primaryimage"},"thumbnailUrl":"https:\/\/sr-group.no\/wp-content\/uploads\/2023\/03\/kontakt-forside-DSC_5999.jpg","datePublished":"2023-03-01T10:04:16+00:00","dateModified":"2026-04-08T12:05:13+00:00","description":"SR Group strives to promote fundamental human rights and decent working conditions internally and at our business partners and suppliers. Decent working conditions mean safeguarding health, safety and the environment in the workplace, social and cultural rights and that employees are paid a living wage.","breadcrumb":{"@id":"https:\/\/sr-group.no\/selskapet\/apenhetsloven\/#breadcrumb"},"inLanguage":"en-GB","potentialAction":[{"@type":"ReadAction","target":["https:\/\/sr-group.no\/selskapet\/apenhetsloven\/"]}]},{"@type":"ImageObject","inLanguage":"en-GB","@id":"https:\/\/sr-group.no\/selskapet\/apenhetsloven\/#primaryimage","url":"https:\/\/sr-group.no\/wp-content\/uploads\/2023\/03\/kontakt-forside-DSC_5999.jpg","contentUrl":"https:\/\/sr-group.no\/wp-content\/uploads\/2023\/03\/kontakt-forside-DSC_5999.jpg","width":1600,"height":900},{"@type":"BreadcrumbList","@id":"https:\/\/sr-group.no\/selskapet\/apenhetsloven\/#breadcrumb","itemListElement":[{"@type":"ListItem","position":1,"name":"Hjem","item":"https:\/\/sr-group.no\/"},{"@type":"ListItem","position":2,"name":"Selskapet","item":"https:\/\/sr-group.no\/selskapet\/"},{"@type":"ListItem","position":3,"name":"\u00c5penhetsloven"}]},{"@type":"WebSite","@id":"https:\/\/sr-group.no\/#website","url":"https:\/\/sr-group.no\/","name":"SR Group","description":"","publisher":{"@id":"https:\/\/sr-group.no\/#organization"},"potentialAction":[{"@type":"SearchAction","target":{"@type":"EntryPoint","urlTemplate":"https:\/\/sr-group.no\/?s={search_term_string}"},"query-input":{"@type":"PropertyValueSpecification","valueRequired":true,"valueName":"search_term_string"}}],"inLanguage":"en-GB"},{"@type":"Organization","@id":"https:\/\/sr-group.no\/#organization","name":"SR Group","url":"https:\/\/sr-group.no\/","logo":{"@type":"ImageObject","inLanguage":"en-GB","@id":"https:\/\/sr-group.no\/#\/schema\/logo\/image\/","url":"https:\/\/sr-group.no\/wp-content\/uploads\/2023\/03\/sr-group-logo-whiteBG-300.svg","contentUrl":"https:\/\/sr-group.no\/wp-content\/uploads\/2023\/03\/sr-group-logo-whiteBG-300.svg","width":299,"height":83,"caption":"SR Group"},"image":{"@id":"https:\/\/sr-group.no\/#\/schema\/logo\/image\/"},"sameAs":["https:\/\/www.facebook.com\/srgroupas\/","https:\/\/www.instagram.com\/srgroupas\/","https:\/\/www.linkedin.com\/company\/srgroupas\/","https:\/\/www.youtube.com\/channel\/UCtGTRnOdUB-Wz7Hj5kCSKVQ"]}]}},"_links":{"self":[{"href":"https:\/\/sr-group.no\/en\/wp-json\/wp\/v2\/pages\/28","targetHints":{"allow":["GET"]}}],"collection":[{"href":"https:\/\/sr-group.no\/en\/wp-json\/wp\/v2\/pages"}],"about":[{"href":"https:\/\/sr-group.no\/en\/wp-json\/wp\/v2\/types\/page"}],"author":[{"embeddable":true,"href":"https:\/\/sr-group.no\/en\/wp-json\/wp\/v2\/users\/1"}],"replies":[{"embeddable":true,"href":"https:\/\/sr-group.no\/en\/wp-json\/wp\/v2\/comments?post=28"}],"version-history":[{"count":0,"href":"https:\/\/sr-group.no\/en\/wp-json\/wp\/v2\/pages\/28\/revisions"}],"up":[{"embeddable":true,"href":"https:\/\/sr-group.no\/en\/wp-json\/wp\/v2\/pages\/22"}],"wp:featuredmedia":[{"embeddable":true,"href":"https:\/\/sr-group.no\/en\/wp-json\/wp\/v2\/media\/6553"}],"wp:attachment":[{"href":"https:\/\/sr-group.no\/en\/wp-json\/wp\/v2\/media?parent=28"}],"curies":[{"name":"wp","href":"https:\/\/api.w.org\/{rel}","templated":true}]}}