{"id":26,"date":"2023-03-01T10:03:59","date_gmt":"2023-03-01T10:03:59","guid":{"rendered":"https:\/\/sr-group.no\/?page_id=26"},"modified":"2026-03-24T13:24:29","modified_gmt":"2026-03-24T13:24:29","slug":"conditions","status":"publish","type":"page","link":"https:\/\/sr-group.no\/en\/selskapet\/betingelser\/","title":{"rendered":"Terms &amp; Conditions"},"content":{"rendered":"<h3>Diesel surcharge and BAF<\/h3>\n<hr data-start=\"86\" data-end=\"89\" \/>\n<p data-start=\"91\" data-end=\"384\">P\u00e5 grunn av store svingninger i markedet blir drivstofftillegget normalt justert kvartalsvis. V\u00e5rt dieseltillegg endres basert p\u00e5 SSBs kostnadsindeks for lastebiltransport \u2013 drivstoffindeksen. Link til indeksen finner du her. BAF\/SECA baseres p\u00e5 rederienes satser og justeres i takt med disse.<\/p>\n<p data-start=\"386\" data-end=\"575\">Som f\u00f8lge av den p\u00e5g\u00e5ende situasjonen i det globale energimarkedet og i Midt\u00f8sten, vil dieseltillegget imidlertid justeres ukentlig inntil situasjonen og kostnadsniv\u00e5et har stabilisert seg.<br \/>\nGjeldende dieseltillegg finner du her: <a href=\"https:\/\/sr-group.no\/en\/adjustment-of-diesel-surcharge-due-to-global-energy-market-developments\/\">Adjustment of Diesel Surcharge Due to Global Energy Market Developments &#8211; SR Group<\/a><\/p>\n<h3>General terms and conditions of transport<\/h3>\n<p>Our general terms and conditions are set annually and apply unless otherwise agreed in writing.<\/p>\n<h3>NSAB 2015<\/h3>\n<p>SR Group AS has acceded to the joint provisions of the Nordic Freight Forwarders' association as a provider of transport and uses these in those cases where we do not carry out the transport ourselves where other regulatory provisions will apply. NSAB 2015 also covers storage.<\/p>\n<p>Link: <a href=\"https:\/\/www.nholt.no\/siteassets\/dokumenter\/nsab-2015-norsk.pdf\" target=\"_blank\" rel=\"noopener\">NSAB 2015<\/a><\/p>","protected":false},"excerpt":{"rendered":"<p>Dieseltillegg og BAF P\u00e5 grunn av store svingninger i markedet blir drivstofftillegget normalt justert kvartalsvis. V\u00e5rt dieseltillegg endres basert p\u00e5 SSBs kostnadsindeks for lastebiltransport \u2013 drivstoffindeksen. Link til indeksen finner du her. BAF\/SECA baseres p\u00e5 rederienes satser og justeres i takt med disse. Som f\u00f8lge av den p\u00e5g\u00e5ende situasjonen i det globale energimarkedet og i [&hellip;]<\/p>\n","protected":false},"author":1,"featured_media":7042,"parent":22,"menu_order":8,"comment_status":"closed","ping_status":"closed","template":"","meta":{"_acf_changed":false,"inline_featured_image":false,"footnotes":""},"class_list":["post-26","page","type-page","status-publish","has-post-thumbnail","hentry"],"acf":[],"yoast_head":"<!-- This site is optimized with the Yoast SEO plugin v27.3 - https:\/\/yoast.com\/product\/yoast-seo-wordpress\/ -->\n<title>Betingelser - SR Group<\/title>\n<meta name=\"description\" content=\"SR Group AS har tiltr\u00e5dt Nordisk Spedit\u00f8rforbunds fellesbestemmelser som formidler av transport og bruker disse i de tilfellene der vi ikke selv gjennomf\u00f8rer transporten hvor andre reguleringsbestemmelser vil gjelde. NSAB 2015 dekker ogs\u00e5 lagring.\" \/>\n<meta name=\"robots\" content=\"index, follow, max-snippet:-1, max-image-preview:large, max-video-preview:-1\" \/>\n<link rel=\"canonical\" href=\"https:\/\/sr-group.no\/en\/the-company\/conditions\/\" \/>\n<meta property=\"og:locale\" content=\"en_GB\" \/>\n<meta property=\"og:type\" content=\"article\" \/>\n<meta property=\"og:title\" content=\"Betingelser - SR Group\" \/>\n<meta property=\"og:description\" content=\"SR Group AS har tiltr\u00e5dt Nordisk Spedit\u00f8rforbunds fellesbestemmelser som formidler av transport og bruker disse i de tilfellene der vi ikke selv gjennomf\u00f8rer transporten hvor andre reguleringsbestemmelser vil gjelde. NSAB 2015 dekker ogs\u00e5 lagring.\" \/>\n<meta property=\"og:url\" content=\"https:\/\/sr-group.no\/en\/the-company\/conditions\/\" \/>\n<meta property=\"og:site_name\" content=\"SR Group\" \/>\n<meta property=\"article:publisher\" content=\"https:\/\/www.facebook.com\/srgroupas\/\" \/>\n<meta property=\"article:modified_time\" content=\"2026-03-24T13:24:29+00:00\" \/>\n<meta property=\"og:image\" content=\"https:\/\/sr-group.no\/wp-content\/uploads\/2024\/01\/20230831_1013_SRGroup_40ar233525_@steffenvidar_jenssen-@fabelmedia-scaled.jpg\" \/>\n\t<meta property=\"og:image:width\" content=\"2560\" \/>\n\t<meta property=\"og:image:height\" content=\"1707\" \/>\n\t<meta property=\"og:image:type\" content=\"image\/jpeg\" \/>\n<meta name=\"twitter:card\" content=\"summary_large_image\" \/>\n<meta name=\"twitter:label1\" content=\"Estimated reading time\" \/>\n\t<meta name=\"twitter:data1\" content=\"1 minute\" \/>\n<script type=\"application\/ld+json\" class=\"yoast-schema-graph\">{\"@context\":\"https:\\\/\\\/schema.org\",\"@graph\":[{\"@type\":\"WebPage\",\"@id\":\"https:\\\/\\\/sr-group.no\\\/selskapet\\\/betingelser\\\/\",\"url\":\"https:\\\/\\\/sr-group.no\\\/selskapet\\\/betingelser\\\/\",\"name\":\"Betingelser - SR Group\",\"isPartOf\":{\"@id\":\"https:\\\/\\\/sr-group.no\\\/#website\"},\"primaryImageOfPage\":{\"@id\":\"https:\\\/\\\/sr-group.no\\\/selskapet\\\/betingelser\\\/#primaryimage\"},\"image\":{\"@id\":\"https:\\\/\\\/sr-group.no\\\/selskapet\\\/betingelser\\\/#primaryimage\"},\"thumbnailUrl\":\"https:\\\/\\\/sr-group.no\\\/wp-content\\\/uploads\\\/2024\\\/01\\\/20230831_1013_SRGroup_40ar233525_@steffenvidar_jenssen-@fabelmedia-scaled.jpg\",\"datePublished\":\"2023-03-01T10:03:59+00:00\",\"dateModified\":\"2026-03-24T13:24:29+00:00\",\"description\":\"SR Group AS har tiltr\u00e5dt Nordisk Spedit\u00f8rforbunds fellesbestemmelser som formidler av transport og bruker disse i de tilfellene der vi ikke selv gjennomf\u00f8rer transporten hvor andre reguleringsbestemmelser vil gjelde. NSAB 2015 dekker ogs\u00e5 lagring.\",\"breadcrumb\":{\"@id\":\"https:\\\/\\\/sr-group.no\\\/selskapet\\\/betingelser\\\/#breadcrumb\"},\"inLanguage\":\"en-GB\",\"potentialAction\":[{\"@type\":\"ReadAction\",\"target\":[\"https:\\\/\\\/sr-group.no\\\/selskapet\\\/betingelser\\\/\"]}]},{\"@type\":\"ImageObject\",\"inLanguage\":\"en-GB\",\"@id\":\"https:\\\/\\\/sr-group.no\\\/selskapet\\\/betingelser\\\/#primaryimage\",\"url\":\"https:\\\/\\\/sr-group.no\\\/wp-content\\\/uploads\\\/2024\\\/01\\\/20230831_1013_SRGroup_40ar233525_@steffenvidar_jenssen-@fabelmedia-scaled.jpg\",\"contentUrl\":\"https:\\\/\\\/sr-group.no\\\/wp-content\\\/uploads\\\/2024\\\/01\\\/20230831_1013_SRGroup_40ar233525_@steffenvidar_jenssen-@fabelmedia-scaled.jpg\",\"width\":2560,\"height\":1707},{\"@type\":\"BreadcrumbList\",\"@id\":\"https:\\\/\\\/sr-group.no\\\/selskapet\\\/betingelser\\\/#breadcrumb\",\"itemListElement\":[{\"@type\":\"ListItem\",\"position\":1,\"name\":\"Hjem\",\"item\":\"https:\\\/\\\/sr-group.no\\\/\"},{\"@type\":\"ListItem\",\"position\":2,\"name\":\"Selskapet\",\"item\":\"https:\\\/\\\/sr-group.no\\\/selskapet\\\/\"},{\"@type\":\"ListItem\",\"position\":3,\"name\":\"Betingelser\"}]},{\"@type\":\"WebSite\",\"@id\":\"https:\\\/\\\/sr-group.no\\\/#website\",\"url\":\"https:\\\/\\\/sr-group.no\\\/\",\"name\":\"SR Group\",\"description\":\"\",\"publisher\":{\"@id\":\"https:\\\/\\\/sr-group.no\\\/#organization\"},\"potentialAction\":[{\"@type\":\"SearchAction\",\"target\":{\"@type\":\"EntryPoint\",\"urlTemplate\":\"https:\\\/\\\/sr-group.no\\\/?s={search_term_string}\"},\"query-input\":{\"@type\":\"PropertyValueSpecification\",\"valueRequired\":true,\"valueName\":\"search_term_string\"}}],\"inLanguage\":\"en-GB\"},{\"@type\":\"Organization\",\"@id\":\"https:\\\/\\\/sr-group.no\\\/#organization\",\"name\":\"SR Group\",\"url\":\"https:\\\/\\\/sr-group.no\\\/\",\"logo\":{\"@type\":\"ImageObject\",\"inLanguage\":\"en-GB\",\"@id\":\"https:\\\/\\\/sr-group.no\\\/#\\\/schema\\\/logo\\\/image\\\/\",\"url\":\"https:\\\/\\\/sr-group.no\\\/wp-content\\\/uploads\\\/2023\\\/03\\\/sr-group-logo-whiteBG-300.svg\",\"contentUrl\":\"https:\\\/\\\/sr-group.no\\\/wp-content\\\/uploads\\\/2023\\\/03\\\/sr-group-logo-whiteBG-300.svg\",\"width\":299,\"height\":83,\"caption\":\"SR Group\"},\"image\":{\"@id\":\"https:\\\/\\\/sr-group.no\\\/#\\\/schema\\\/logo\\\/image\\\/\"},\"sameAs\":[\"https:\\\/\\\/www.facebook.com\\\/srgroupas\\\/\",\"https:\\\/\\\/www.instagram.com\\\/srgroupas\\\/\",\"https:\\\/\\\/www.linkedin.com\\\/company\\\/srgroupas\\\/\",\"https:\\\/\\\/www.youtube.com\\\/channel\\\/UCtGTRnOdUB-Wz7Hj5kCSKVQ\"]}]}<\/script>\n<!-- \/ Yoast SEO plugin. -->","yoast_head_json":{"title":"Terms and conditions - SR Group","description":"SR Group AS has acceded to the joint provisions of the Nordic Freight Forwarders' association as a provider of transport and uses these in those cases where we do not carry out the transport ourselves where other regulatory provisions will apply. NSAB 2015 also covers storage.","robots":{"index":"index","follow":"follow","max-snippet":"max-snippet:-1","max-image-preview":"max-image-preview:large","max-video-preview":"max-video-preview:-1"},"canonical":"https:\/\/sr-group.no\/en\/the-company\/conditions\/","og_locale":"en_GB","og_type":"article","og_title":"Betingelser - SR Group","og_description":"SR Group AS har tiltr\u00e5dt Nordisk Spedit\u00f8rforbunds fellesbestemmelser som formidler av transport og bruker disse i de tilfellene der vi ikke selv gjennomf\u00f8rer transporten hvor andre reguleringsbestemmelser vil gjelde. NSAB 2015 dekker ogs\u00e5 lagring.","og_url":"https:\/\/sr-group.no\/en\/the-company\/conditions\/","og_site_name":"SR Group","article_publisher":"https:\/\/www.facebook.com\/srgroupas\/","article_modified_time":"2026-03-24T13:24:29+00:00","og_image":[{"width":2560,"height":1707,"url":"https:\/\/sr-group.no\/wp-content\/uploads\/2024\/01\/20230831_1013_SRGroup_40ar233525_@steffenvidar_jenssen-@fabelmedia-scaled.jpg","type":"image\/jpeg"}],"twitter_card":"summary_large_image","twitter_misc":{"Estimated reading time":"1 minute"},"schema":{"@context":"https:\/\/schema.org","@graph":[{"@type":"WebPage","@id":"https:\/\/sr-group.no\/selskapet\/betingelser\/","url":"https:\/\/sr-group.no\/selskapet\/betingelser\/","name":"Terms and conditions - SR Group","isPartOf":{"@id":"https:\/\/sr-group.no\/#website"},"primaryImageOfPage":{"@id":"https:\/\/sr-group.no\/selskapet\/betingelser\/#primaryimage"},"image":{"@id":"https:\/\/sr-group.no\/selskapet\/betingelser\/#primaryimage"},"thumbnailUrl":"https:\/\/sr-group.no\/wp-content\/uploads\/2024\/01\/20230831_1013_SRGroup_40ar233525_@steffenvidar_jenssen-@fabelmedia-scaled.jpg","datePublished":"2023-03-01T10:03:59+00:00","dateModified":"2026-03-24T13:24:29+00:00","description":"SR Group AS has acceded to the joint provisions of the Nordic Freight Forwarders' association as a provider of transport and uses these in those cases where we do not carry out the transport ourselves where other regulatory provisions will apply. NSAB 2015 also covers storage.","breadcrumb":{"@id":"https:\/\/sr-group.no\/selskapet\/betingelser\/#breadcrumb"},"inLanguage":"en-GB","potentialAction":[{"@type":"ReadAction","target":["https:\/\/sr-group.no\/selskapet\/betingelser\/"]}]},{"@type":"ImageObject","inLanguage":"en-GB","@id":"https:\/\/sr-group.no\/selskapet\/betingelser\/#primaryimage","url":"https:\/\/sr-group.no\/wp-content\/uploads\/2024\/01\/20230831_1013_SRGroup_40ar233525_@steffenvidar_jenssen-@fabelmedia-scaled.jpg","contentUrl":"https:\/\/sr-group.no\/wp-content\/uploads\/2024\/01\/20230831_1013_SRGroup_40ar233525_@steffenvidar_jenssen-@fabelmedia-scaled.jpg","width":2560,"height":1707},{"@type":"BreadcrumbList","@id":"https:\/\/sr-group.no\/selskapet\/betingelser\/#breadcrumb","itemListElement":[{"@type":"ListItem","position":1,"name":"Hjem","item":"https:\/\/sr-group.no\/"},{"@type":"ListItem","position":2,"name":"Selskapet","item":"https:\/\/sr-group.no\/selskapet\/"},{"@type":"ListItem","position":3,"name":"Betingelser"}]},{"@type":"WebSite","@id":"https:\/\/sr-group.no\/#website","url":"https:\/\/sr-group.no\/","name":"SR Group","description":"","publisher":{"@id":"https:\/\/sr-group.no\/#organization"},"potentialAction":[{"@type":"SearchAction","target":{"@type":"EntryPoint","urlTemplate":"https:\/\/sr-group.no\/?s={search_term_string}"},"query-input":{"@type":"PropertyValueSpecification","valueRequired":true,"valueName":"search_term_string"}}],"inLanguage":"en-GB"},{"@type":"Organization","@id":"https:\/\/sr-group.no\/#organization","name":"SR Group","url":"https:\/\/sr-group.no\/","logo":{"@type":"ImageObject","inLanguage":"en-GB","@id":"https:\/\/sr-group.no\/#\/schema\/logo\/image\/","url":"https:\/\/sr-group.no\/wp-content\/uploads\/2023\/03\/sr-group-logo-whiteBG-300.svg","contentUrl":"https:\/\/sr-group.no\/wp-content\/uploads\/2023\/03\/sr-group-logo-whiteBG-300.svg","width":299,"height":83,"caption":"SR Group"},"image":{"@id":"https:\/\/sr-group.no\/#\/schema\/logo\/image\/"},"sameAs":["https:\/\/www.facebook.com\/srgroupas\/","https:\/\/www.instagram.com\/srgroupas\/","https:\/\/www.linkedin.com\/company\/srgroupas\/","https:\/\/www.youtube.com\/channel\/UCtGTRnOdUB-Wz7Hj5kCSKVQ"]}]}},"_links":{"self":[{"href":"https:\/\/sr-group.no\/en\/wp-json\/wp\/v2\/pages\/26","targetHints":{"allow":["GET"]}}],"collection":[{"href":"https:\/\/sr-group.no\/en\/wp-json\/wp\/v2\/pages"}],"about":[{"href":"https:\/\/sr-group.no\/en\/wp-json\/wp\/v2\/types\/page"}],"author":[{"embeddable":true,"href":"https:\/\/sr-group.no\/en\/wp-json\/wp\/v2\/users\/1"}],"replies":[{"embeddable":true,"href":"https:\/\/sr-group.no\/en\/wp-json\/wp\/v2\/comments?post=26"}],"version-history":[{"count":0,"href":"https:\/\/sr-group.no\/en\/wp-json\/wp\/v2\/pages\/26\/revisions"}],"up":[{"embeddable":true,"href":"https:\/\/sr-group.no\/en\/wp-json\/wp\/v2\/pages\/22"}],"wp:featuredmedia":[{"embeddable":true,"href":"https:\/\/sr-group.no\/en\/wp-json\/wp\/v2\/media\/7042"}],"wp:attachment":[{"href":"https:\/\/sr-group.no\/en\/wp-json\/wp\/v2\/media?parent=26"}],"curies":[{"name":"wp","href":"https:\/\/api.w.org\/{rel}","templated":true}]}}