{"id":24,"date":"2023-03-01T10:03:38","date_gmt":"2023-03-01T10:03:38","guid":{"rendered":"https:\/\/sr-group.no\/?page_id=24"},"modified":"2025-10-24T08:59:24","modified_gmt":"2025-10-24T08:59:24","slug":"vacancies","status":"publish","type":"page","link":"https:\/\/sr-group.no\/en\/selskapet\/ledigestillinger\/","title":{"rendered":"Available positions"},"content":{"rendered":"<p>For more than 40 years, we have been delivering total solutions to the business community, especially to the oil and gas industry. The company has branches in Hammerfest, Alta, Kristiansund, Bergen, Mongstad, Tananger and Oslo.<\/p>\n<p>The values of being honest, helpful and proud are embedded in every employee and in everything we do. We focus on working together towards our vision: <strong>to be the best in quality and service.<\/strong><\/p>\n<hr \/>\n<h3>Available positions<\/h3>","protected":false},"excerpt":{"rendered":"<p>I over 40 \u00e5r har vi levert totall\u00f8sninger til n\u00e6ringslivet, spesielt rettet mot olje- og gassindustrien. Selskapet har avdelinger i Hammerfest, Alta, Kristiansund, Bergen, Mongstad, Tananger og Oslo. Verdiene av \u00e5 v\u00e6re \u00e6rlig, hjelpsom og stolt er forankret i alle medarbeidere og i alt vi gj\u00f8r. Vi har fokus p\u00e5 \u00e5 jobbe sammen mot v\u00e5r [&hellip;]<\/p>\n","protected":false},"author":1,"featured_media":7041,"parent":22,"menu_order":10,"comment_status":"closed","ping_status":"closed","template":"","meta":{"_acf_changed":false,"inline_featured_image":false,"footnotes":""},"class_list":["post-24","page","type-page","status-publish","has-post-thumbnail","hentry"],"acf":[],"yoast_head":"<!-- This site is optimized with the Yoast SEO plugin v27.3 - https:\/\/yoast.com\/product\/yoast-seo-wordpress\/ -->\n<title>Ledige stillinger - SR Group<\/title>\n<meta name=\"description\" content=\"Lyst til \u00e5 jobbe i et fremtidsrettet selskap med h\u00f8yt fokus p\u00e5 godt arbeidsmilj\u00f8, kvalitet og service?\" \/>\n<meta name=\"robots\" content=\"index, follow, max-snippet:-1, max-image-preview:large, max-video-preview:-1\" \/>\n<link rel=\"canonical\" href=\"https:\/\/sr-group.no\/en\/the-company\/vacancies\/\" \/>\n<meta property=\"og:locale\" content=\"en_GB\" \/>\n<meta property=\"og:type\" content=\"article\" \/>\n<meta property=\"og:title\" content=\"Ledige stillinger - SR Group\" \/>\n<meta property=\"og:description\" content=\"Lyst til \u00e5 jobbe i et fremtidsrettet selskap med h\u00f8yt fokus p\u00e5 godt arbeidsmilj\u00f8, kvalitet og service?\" \/>\n<meta property=\"og:url\" content=\"https:\/\/sr-group.no\/en\/the-company\/vacancies\/\" \/>\n<meta property=\"og:site_name\" content=\"SR Group\" \/>\n<meta property=\"article:publisher\" content=\"https:\/\/www.facebook.com\/srgroupas\/\" \/>\n<meta property=\"article:modified_time\" content=\"2025-10-24T08:59:24+00:00\" \/>\n<meta property=\"og:image\" content=\"https:\/\/sr-group.no\/wp-content\/uploads\/2024\/01\/20230821_1254_SRGroup_40ar_238921_@steffenvidar_jenssen-@fabelmedia-scaled.jpg\" \/>\n\t<meta property=\"og:image:width\" content=\"2560\" \/>\n\t<meta property=\"og:image:height\" content=\"1707\" \/>\n\t<meta property=\"og:image:type\" content=\"image\/jpeg\" \/>\n<meta name=\"twitter:card\" content=\"summary_large_image\" \/>\n<meta name=\"twitter:label1\" content=\"Estimated reading time\" \/>\n\t<meta name=\"twitter:data1\" content=\"1 minute\" \/>\n<script type=\"application\/ld+json\" class=\"yoast-schema-graph\">{\"@context\":\"https:\\\/\\\/schema.org\",\"@graph\":[{\"@type\":\"WebPage\",\"@id\":\"https:\\\/\\\/sr-group.no\\\/selskapet\\\/ledigestillinger\\\/\",\"url\":\"https:\\\/\\\/sr-group.no\\\/selskapet\\\/ledigestillinger\\\/\",\"name\":\"Ledige stillinger - SR Group\",\"isPartOf\":{\"@id\":\"https:\\\/\\\/sr-group.no\\\/#website\"},\"primaryImageOfPage\":{\"@id\":\"https:\\\/\\\/sr-group.no\\\/selskapet\\\/ledigestillinger\\\/#primaryimage\"},\"image\":{\"@id\":\"https:\\\/\\\/sr-group.no\\\/selskapet\\\/ledigestillinger\\\/#primaryimage\"},\"thumbnailUrl\":\"https:\\\/\\\/sr-group.no\\\/wp-content\\\/uploads\\\/2024\\\/01\\\/20230821_1254_SRGroup_40ar_238921_@steffenvidar_jenssen-@fabelmedia-scaled.jpg\",\"datePublished\":\"2023-03-01T10:03:38+00:00\",\"dateModified\":\"2025-10-24T08:59:24+00:00\",\"description\":\"Lyst til \u00e5 jobbe i et fremtidsrettet selskap med h\u00f8yt fokus p\u00e5 godt arbeidsmilj\u00f8, kvalitet og service?\",\"breadcrumb\":{\"@id\":\"https:\\\/\\\/sr-group.no\\\/selskapet\\\/ledigestillinger\\\/#breadcrumb\"},\"inLanguage\":\"en-GB\",\"potentialAction\":[{\"@type\":\"ReadAction\",\"target\":[\"https:\\\/\\\/sr-group.no\\\/selskapet\\\/ledigestillinger\\\/\"]}]},{\"@type\":\"ImageObject\",\"inLanguage\":\"en-GB\",\"@id\":\"https:\\\/\\\/sr-group.no\\\/selskapet\\\/ledigestillinger\\\/#primaryimage\",\"url\":\"https:\\\/\\\/sr-group.no\\\/wp-content\\\/uploads\\\/2024\\\/01\\\/20230821_1254_SRGroup_40ar_238921_@steffenvidar_jenssen-@fabelmedia-scaled.jpg\",\"contentUrl\":\"https:\\\/\\\/sr-group.no\\\/wp-content\\\/uploads\\\/2024\\\/01\\\/20230821_1254_SRGroup_40ar_238921_@steffenvidar_jenssen-@fabelmedia-scaled.jpg\",\"width\":2560,\"height\":1707},{\"@type\":\"BreadcrumbList\",\"@id\":\"https:\\\/\\\/sr-group.no\\\/selskapet\\\/ledigestillinger\\\/#breadcrumb\",\"itemListElement\":[{\"@type\":\"ListItem\",\"position\":1,\"name\":\"Hjem\",\"item\":\"https:\\\/\\\/sr-group.no\\\/\"},{\"@type\":\"ListItem\",\"position\":2,\"name\":\"Selskapet\",\"item\":\"https:\\\/\\\/sr-group.no\\\/selskapet\\\/\"},{\"@type\":\"ListItem\",\"position\":3,\"name\":\"Ledige stillinger\"}]},{\"@type\":\"WebSite\",\"@id\":\"https:\\\/\\\/sr-group.no\\\/#website\",\"url\":\"https:\\\/\\\/sr-group.no\\\/\",\"name\":\"SR Group\",\"description\":\"\",\"publisher\":{\"@id\":\"https:\\\/\\\/sr-group.no\\\/#organization\"},\"potentialAction\":[{\"@type\":\"SearchAction\",\"target\":{\"@type\":\"EntryPoint\",\"urlTemplate\":\"https:\\\/\\\/sr-group.no\\\/?s={search_term_string}\"},\"query-input\":{\"@type\":\"PropertyValueSpecification\",\"valueRequired\":true,\"valueName\":\"search_term_string\"}}],\"inLanguage\":\"en-GB\"},{\"@type\":\"Organization\",\"@id\":\"https:\\\/\\\/sr-group.no\\\/#organization\",\"name\":\"SR Group\",\"url\":\"https:\\\/\\\/sr-group.no\\\/\",\"logo\":{\"@type\":\"ImageObject\",\"inLanguage\":\"en-GB\",\"@id\":\"https:\\\/\\\/sr-group.no\\\/#\\\/schema\\\/logo\\\/image\\\/\",\"url\":\"https:\\\/\\\/sr-group.no\\\/wp-content\\\/uploads\\\/2023\\\/03\\\/sr-group-logo-whiteBG-300.svg\",\"contentUrl\":\"https:\\\/\\\/sr-group.no\\\/wp-content\\\/uploads\\\/2023\\\/03\\\/sr-group-logo-whiteBG-300.svg\",\"width\":299,\"height\":83,\"caption\":\"SR Group\"},\"image\":{\"@id\":\"https:\\\/\\\/sr-group.no\\\/#\\\/schema\\\/logo\\\/image\\\/\"},\"sameAs\":[\"https:\\\/\\\/www.facebook.com\\\/srgroupas\\\/\",\"https:\\\/\\\/www.instagram.com\\\/srgroupas\\\/\",\"https:\\\/\\\/www.linkedin.com\\\/company\\\/srgroupas\\\/\",\"https:\\\/\\\/www.youtube.com\\\/channel\\\/UCtGTRnOdUB-Wz7Hj5kCSKVQ\"]}]}<\/script>\n<!-- \/ Yoast SEO plugin. -->","yoast_head_json":{"title":"Vacancies - SR Group","description":"Would you like to work in a company with a strong focus on a good working environment, quality and service?","robots":{"index":"index","follow":"follow","max-snippet":"max-snippet:-1","max-image-preview":"max-image-preview:large","max-video-preview":"max-video-preview:-1"},"canonical":"https:\/\/sr-group.no\/en\/the-company\/vacancies\/","og_locale":"en_GB","og_type":"article","og_title":"Ledige stillinger - SR Group","og_description":"Lyst til \u00e5 jobbe i et fremtidsrettet selskap med h\u00f8yt fokus p\u00e5 godt arbeidsmilj\u00f8, kvalitet og service?","og_url":"https:\/\/sr-group.no\/en\/the-company\/vacancies\/","og_site_name":"SR Group","article_publisher":"https:\/\/www.facebook.com\/srgroupas\/","article_modified_time":"2025-10-24T08:59:24+00:00","og_image":[{"width":2560,"height":1707,"url":"https:\/\/sr-group.no\/wp-content\/uploads\/2024\/01\/20230821_1254_SRGroup_40ar_238921_@steffenvidar_jenssen-@fabelmedia-scaled.jpg","type":"image\/jpeg"}],"twitter_card":"summary_large_image","twitter_misc":{"Estimated reading time":"1 minute"},"schema":{"@context":"https:\/\/schema.org","@graph":[{"@type":"WebPage","@id":"https:\/\/sr-group.no\/selskapet\/ledigestillinger\/","url":"https:\/\/sr-group.no\/selskapet\/ledigestillinger\/","name":"Vacancies - SR Group","isPartOf":{"@id":"https:\/\/sr-group.no\/#website"},"primaryImageOfPage":{"@id":"https:\/\/sr-group.no\/selskapet\/ledigestillinger\/#primaryimage"},"image":{"@id":"https:\/\/sr-group.no\/selskapet\/ledigestillinger\/#primaryimage"},"thumbnailUrl":"https:\/\/sr-group.no\/wp-content\/uploads\/2024\/01\/20230821_1254_SRGroup_40ar_238921_@steffenvidar_jenssen-@fabelmedia-scaled.jpg","datePublished":"2023-03-01T10:03:38+00:00","dateModified":"2025-10-24T08:59:24+00:00","description":"Would you like to work in a company with a strong focus on a good working environment, quality and service?","breadcrumb":{"@id":"https:\/\/sr-group.no\/selskapet\/ledigestillinger\/#breadcrumb"},"inLanguage":"en-GB","potentialAction":[{"@type":"ReadAction","target":["https:\/\/sr-group.no\/selskapet\/ledigestillinger\/"]}]},{"@type":"ImageObject","inLanguage":"en-GB","@id":"https:\/\/sr-group.no\/selskapet\/ledigestillinger\/#primaryimage","url":"https:\/\/sr-group.no\/wp-content\/uploads\/2024\/01\/20230821_1254_SRGroup_40ar_238921_@steffenvidar_jenssen-@fabelmedia-scaled.jpg","contentUrl":"https:\/\/sr-group.no\/wp-content\/uploads\/2024\/01\/20230821_1254_SRGroup_40ar_238921_@steffenvidar_jenssen-@fabelmedia-scaled.jpg","width":2560,"height":1707},{"@type":"BreadcrumbList","@id":"https:\/\/sr-group.no\/selskapet\/ledigestillinger\/#breadcrumb","itemListElement":[{"@type":"ListItem","position":1,"name":"Hjem","item":"https:\/\/sr-group.no\/"},{"@type":"ListItem","position":2,"name":"Selskapet","item":"https:\/\/sr-group.no\/selskapet\/"},{"@type":"ListItem","position":3,"name":"Ledige stillinger"}]},{"@type":"WebSite","@id":"https:\/\/sr-group.no\/#website","url":"https:\/\/sr-group.no\/","name":"SR Group","description":"","publisher":{"@id":"https:\/\/sr-group.no\/#organization"},"potentialAction":[{"@type":"SearchAction","target":{"@type":"EntryPoint","urlTemplate":"https:\/\/sr-group.no\/?s={search_term_string}"},"query-input":{"@type":"PropertyValueSpecification","valueRequired":true,"valueName":"search_term_string"}}],"inLanguage":"en-GB"},{"@type":"Organization","@id":"https:\/\/sr-group.no\/#organization","name":"SR Group","url":"https:\/\/sr-group.no\/","logo":{"@type":"ImageObject","inLanguage":"en-GB","@id":"https:\/\/sr-group.no\/#\/schema\/logo\/image\/","url":"https:\/\/sr-group.no\/wp-content\/uploads\/2023\/03\/sr-group-logo-whiteBG-300.svg","contentUrl":"https:\/\/sr-group.no\/wp-content\/uploads\/2023\/03\/sr-group-logo-whiteBG-300.svg","width":299,"height":83,"caption":"SR Group"},"image":{"@id":"https:\/\/sr-group.no\/#\/schema\/logo\/image\/"},"sameAs":["https:\/\/www.facebook.com\/srgroupas\/","https:\/\/www.instagram.com\/srgroupas\/","https:\/\/www.linkedin.com\/company\/srgroupas\/","https:\/\/www.youtube.com\/channel\/UCtGTRnOdUB-Wz7Hj5kCSKVQ"]}]}},"_links":{"self":[{"href":"https:\/\/sr-group.no\/en\/wp-json\/wp\/v2\/pages\/24","targetHints":{"allow":["GET"]}}],"collection":[{"href":"https:\/\/sr-group.no\/en\/wp-json\/wp\/v2\/pages"}],"about":[{"href":"https:\/\/sr-group.no\/en\/wp-json\/wp\/v2\/types\/page"}],"author":[{"embeddable":true,"href":"https:\/\/sr-group.no\/en\/wp-json\/wp\/v2\/users\/1"}],"replies":[{"embeddable":true,"href":"https:\/\/sr-group.no\/en\/wp-json\/wp\/v2\/comments?post=24"}],"version-history":[{"count":0,"href":"https:\/\/sr-group.no\/en\/wp-json\/wp\/v2\/pages\/24\/revisions"}],"up":[{"embeddable":true,"href":"https:\/\/sr-group.no\/en\/wp-json\/wp\/v2\/pages\/22"}],"wp:featuredmedia":[{"embeddable":true,"href":"https:\/\/sr-group.no\/en\/wp-json\/wp\/v2\/media\/7041"}],"wp:attachment":[{"href":"https:\/\/sr-group.no\/en\/wp-json\/wp\/v2\/media?parent=24"}],"curies":[{"name":"wp","href":"https:\/\/api.w.org\/{rel}","templated":true}]}}