{"id":22,"date":"2023-03-01T10:03:05","date_gmt":"2023-03-01T10:03:05","guid":{"rendered":"https:\/\/sr-group.no\/?page_id=22"},"modified":"2023-06-23T08:25:13","modified_gmt":"2023-06-23T08:25:13","slug":"the-company","status":"publish","type":"page","link":"https:\/\/sr-group.no\/en\/the-company\/","title":{"rendered":"Company"},"content":{"rendered":"<h3>The name SR Group<\/h3>\n<p>SR are the initials of the company's founders. Bj\u00f8rn R\u00f8stad has been active in the company since its inception in 1983 and currently holds the role of CEO, which contributes to strong ownership within the company.<\/p>\n<p>Our values of being helpful, honest and proud are embedded in all our employees and in every assignment we carry out. This enables deliveries with high quality and precision, and a minimum of deviations. We believe that strong ownership of the company ensures this.<\/p>\n<h3>Who is SR Group?<\/h3>\n<p>SR Group is a total supplier of logistics services and handles the entire logistics value chain for our customers; from ordering, planning, organisation, storage, customs and transport.<\/p>\n<p>Being part of and having control over the entire value chain gives us advantages in the form of efficiency, cost savings, experience, development and improvement and, not least, the opportunity to take environmental responsibility. By having a smooth and good flow of goods, we are able to optimally utilise equipment and resources and ensure consolidation of goods.<\/p>\n<p>One of our strongest characteristics is the ability to quickly initiate any operation based on the principles of being flexible, fast and knowledgeable. Dedicated personnel with broad experience and a high level of expertise handle domestic transport with a wholly owned fleet of vehicles and equipment. We offer daily departures as an efficient alternative to ensure frequent access to southbound and northbound transport. We have extensive resources all over the world, and through direct control can manage all operations, both nationally and internationally.<\/p>\n<p>The customer should be able to focus on their core business and rely on a partner with extensive resources, equipped to handle all outbound and inbound shipments to any location at any time. That's our commitment.<\/p>\n<p>We always strive to keep our promise and be loyal to our customers through transparency and good communication. We focus on working together towards our vision; to be the best in quality and service.<\/p>\n<blockquote><p>When we call ourselves your partner in logistics, it's more than just nice words. It's a lifestyle we're proud of. If you give us the opportunity, we're with you every step of the way.<\/p><\/blockquote>\n<p>&nbsp;<\/p>\n<h3>Our values<\/h3>\n<blockquote><p>Helpful - Honest - Proud<\/p><\/blockquote>","protected":false},"excerpt":{"rendered":"<p>Navnet SR Group SR er initialene til gr\u00fcnderne av selskapet. Bj\u00f8rn R\u00f8stad har siden oppstart i 1983 v\u00e6rt aktiv i selskapet og innehar i dag rollen som CEO, noe som bidrar til et sterkt eierskap innad i bedriften. V\u00e5re verdier er \u00e5 v\u00e6re hjelpsom, \u00e6rlig og stolt er forankret i alle medarbeidere og i alle [&hellip;]<\/p>","protected":false},"author":1,"featured_media":6470,"parent":0,"menu_order":2,"comment_status":"closed","ping_status":"closed","template":"","meta":{"_acf_changed":false,"inline_featured_image":false,"footnotes":""},"class_list":["post-22","page","type-page","status-publish","has-post-thumbnail","hentry"],"acf":[],"yoast_head":"<!-- This site is optimized with the Yoast SEO plugin v26.5 - https:\/\/yoast.com\/wordpress\/plugins\/seo\/ -->\n<title>Selskapet - SR Group<\/title>\n<meta name=\"description\" content=\"SR Group er en totalleverand\u00f8r av logistikktjenester og h\u00e5ndterer hele verdikjeden innen logistikk for v\u00e5re kunder;\u00a0fra bestilling, planlegging, organisering, lagring, toll og transport. Kunden skal kunne fokusere p\u00e5 sin kjernevirksomhet og stole p\u00e5 en partner med omfattende ressurser, utstyrt for \u00e5 h\u00e5ndtere alle utg\u00e5ende og innkommende forsendelser til ethvert sted n\u00e5r som helst. Det er v\u00e5r forpliktelse.\" \/>\n<meta name=\"robots\" content=\"index, follow, max-snippet:-1, max-image-preview:large, max-video-preview:-1\" \/>\n<link rel=\"canonical\" href=\"https:\/\/sr-group.no\/en\/the-company\/\" \/>\n<meta property=\"og:locale\" content=\"en_GB\" \/>\n<meta property=\"og:type\" content=\"article\" \/>\n<meta property=\"og:title\" content=\"Selskapet - SR Group\" \/>\n<meta property=\"og:description\" content=\"SR Group er en totalleverand\u00f8r av logistikktjenester og h\u00e5ndterer hele verdikjeden innen logistikk for v\u00e5re kunder;\u00a0fra bestilling, planlegging, organisering, lagring, toll og transport. Kunden skal kunne fokusere p\u00e5 sin kjernevirksomhet og stole p\u00e5 en partner med omfattende ressurser, utstyrt for \u00e5 h\u00e5ndtere alle utg\u00e5ende og innkommende forsendelser til ethvert sted n\u00e5r som helst. Det er v\u00e5r forpliktelse.\" \/>\n<meta property=\"og:url\" content=\"https:\/\/sr-group.no\/en\/the-company\/\" \/>\n<meta property=\"og:site_name\" content=\"SR Group\" \/>\n<meta property=\"article:publisher\" content=\"https:\/\/www.facebook.com\/srgroupas\/\" \/>\n<meta property=\"article:modified_time\" content=\"2023-06-23T08:25:13+00:00\" \/>\n<meta property=\"og:image\" content=\"https:\/\/sr-group.no\/wp-content\/uploads\/2023\/03\/veitransport-DSC_6400.jpg\" \/>\n\t<meta property=\"og:image:width\" content=\"1600\" \/>\n\t<meta property=\"og:image:height\" content=\"900\" \/>\n\t<meta property=\"og:image:type\" content=\"image\/jpeg\" \/>\n<meta name=\"twitter:card\" content=\"summary_large_image\" \/>\n<meta name=\"twitter:label1\" content=\"Estimated reading time\" \/>\n\t<meta name=\"twitter:data1\" content=\"2 minutes\" \/>\n<script type=\"application\/ld+json\" class=\"yoast-schema-graph\">{\"@context\":\"https:\/\/schema.org\",\"@graph\":[{\"@type\":\"WebPage\",\"@id\":\"https:\/\/sr-group.no\/selskapet\/\",\"url\":\"https:\/\/sr-group.no\/selskapet\/\",\"name\":\"Selskapet - SR Group\",\"isPartOf\":{\"@id\":\"https:\/\/sr-group.no\/#website\"},\"primaryImageOfPage\":{\"@id\":\"https:\/\/sr-group.no\/selskapet\/#primaryimage\"},\"image\":{\"@id\":\"https:\/\/sr-group.no\/selskapet\/#primaryimage\"},\"thumbnailUrl\":\"https:\/\/sr-group.no\/wp-content\/uploads\/2023\/03\/veitransport-DSC_6400.jpg\",\"datePublished\":\"2023-03-01T10:03:05+00:00\",\"dateModified\":\"2023-06-23T08:25:13+00:00\",\"description\":\"SR Group er en totalleverand\u00f8r av logistikktjenester og h\u00e5ndterer hele verdikjeden innen logistikk for v\u00e5re kunder;\u00a0fra bestilling, planlegging, organisering, lagring, toll og transport. Kunden skal kunne fokusere p\u00e5 sin kjernevirksomhet og stole p\u00e5 en partner med omfattende ressurser, utstyrt for \u00e5 h\u00e5ndtere alle utg\u00e5ende og innkommende forsendelser til ethvert sted n\u00e5r som helst. Det er v\u00e5r forpliktelse.\",\"breadcrumb\":{\"@id\":\"https:\/\/sr-group.no\/selskapet\/#breadcrumb\"},\"inLanguage\":\"en-GB\",\"potentialAction\":[{\"@type\":\"ReadAction\",\"target\":[\"https:\/\/sr-group.no\/selskapet\/\"]}]},{\"@type\":\"ImageObject\",\"inLanguage\":\"en-GB\",\"@id\":\"https:\/\/sr-group.no\/selskapet\/#primaryimage\",\"url\":\"https:\/\/sr-group.no\/wp-content\/uploads\/2023\/03\/veitransport-DSC_6400.jpg\",\"contentUrl\":\"https:\/\/sr-group.no\/wp-content\/uploads\/2023\/03\/veitransport-DSC_6400.jpg\",\"width\":1600,\"height\":900},{\"@type\":\"BreadcrumbList\",\"@id\":\"https:\/\/sr-group.no\/selskapet\/#breadcrumb\",\"itemListElement\":[{\"@type\":\"ListItem\",\"position\":1,\"name\":\"Hjem\",\"item\":\"https:\/\/sr-group.no\/\"},{\"@type\":\"ListItem\",\"position\":2,\"name\":\"Selskapet\"}]},{\"@type\":\"WebSite\",\"@id\":\"https:\/\/sr-group.no\/#website\",\"url\":\"https:\/\/sr-group.no\/\",\"name\":\"SR Group\",\"description\":\"\",\"publisher\":{\"@id\":\"https:\/\/sr-group.no\/#organization\"},\"potentialAction\":[{\"@type\":\"SearchAction\",\"target\":{\"@type\":\"EntryPoint\",\"urlTemplate\":\"https:\/\/sr-group.no\/?s={search_term_string}\"},\"query-input\":{\"@type\":\"PropertyValueSpecification\",\"valueRequired\":true,\"valueName\":\"search_term_string\"}}],\"inLanguage\":\"en-GB\"},{\"@type\":\"Organization\",\"@id\":\"https:\/\/sr-group.no\/#organization\",\"name\":\"SR Group\",\"url\":\"https:\/\/sr-group.no\/\",\"logo\":{\"@type\":\"ImageObject\",\"inLanguage\":\"en-GB\",\"@id\":\"https:\/\/sr-group.no\/#\/schema\/logo\/image\/\",\"url\":\"https:\/\/sr-group.no\/wp-content\/uploads\/2023\/03\/sr-group-logo-whiteBG-300.svg\",\"contentUrl\":\"https:\/\/sr-group.no\/wp-content\/uploads\/2023\/03\/sr-group-logo-whiteBG-300.svg\",\"width\":299,\"height\":83,\"caption\":\"SR Group\"},\"image\":{\"@id\":\"https:\/\/sr-group.no\/#\/schema\/logo\/image\/\"},\"sameAs\":[\"https:\/\/www.facebook.com\/srgroupas\/\",\"https:\/\/www.instagram.com\/srgroupas\/\",\"https:\/\/www.linkedin.com\/company\/srgroupas\/\",\"https:\/\/www.youtube.com\/channel\/UCtGTRnOdUB-Wz7Hj5kCSKVQ\"]}]}<\/script>\n<!-- \/ Yoast SEO plugin. -->","yoast_head_json":{"title":"The company - SR Group","description":"SR Group is a total logistics service provider and handles the entire logistics value chain for our customers; from ordering, planning, organisation, storage, customs and transport. The customer should be able to focus on their core business and rely on a partner with extensive resources, equipped to handle all outbound and inbound shipments to any location at any time. That is our commitment.","robots":{"index":"index","follow":"follow","max-snippet":"max-snippet:-1","max-image-preview":"max-image-preview:large","max-video-preview":"max-video-preview:-1"},"canonical":"https:\/\/sr-group.no\/en\/the-company\/","og_locale":"en_GB","og_type":"article","og_title":"Selskapet - SR Group","og_description":"SR Group er en totalleverand\u00f8r av logistikktjenester og h\u00e5ndterer hele verdikjeden innen logistikk for v\u00e5re kunder;\u00a0fra bestilling, planlegging, organisering, lagring, toll og transport. Kunden skal kunne fokusere p\u00e5 sin kjernevirksomhet og stole p\u00e5 en partner med omfattende ressurser, utstyrt for \u00e5 h\u00e5ndtere alle utg\u00e5ende og innkommende forsendelser til ethvert sted n\u00e5r som helst. Det er v\u00e5r forpliktelse.","og_url":"https:\/\/sr-group.no\/en\/the-company\/","og_site_name":"SR Group","article_publisher":"https:\/\/www.facebook.com\/srgroupas\/","article_modified_time":"2023-06-23T08:25:13+00:00","og_image":[{"width":1600,"height":900,"url":"https:\/\/sr-group.no\/wp-content\/uploads\/2023\/03\/veitransport-DSC_6400.jpg","type":"image\/jpeg"}],"twitter_card":"summary_large_image","twitter_misc":{"Estimated reading time":"2 minutes"},"schema":{"@context":"https:\/\/schema.org","@graph":[{"@type":"WebPage","@id":"https:\/\/sr-group.no\/selskapet\/","url":"https:\/\/sr-group.no\/selskapet\/","name":"The company - SR Group","isPartOf":{"@id":"https:\/\/sr-group.no\/#website"},"primaryImageOfPage":{"@id":"https:\/\/sr-group.no\/selskapet\/#primaryimage"},"image":{"@id":"https:\/\/sr-group.no\/selskapet\/#primaryimage"},"thumbnailUrl":"https:\/\/sr-group.no\/wp-content\/uploads\/2023\/03\/veitransport-DSC_6400.jpg","datePublished":"2023-03-01T10:03:05+00:00","dateModified":"2023-06-23T08:25:13+00:00","description":"SR Group is a total logistics service provider and handles the entire logistics value chain for our customers; from ordering, planning, organisation, storage, customs and transport. The customer should be able to focus on their core business and rely on a partner with extensive resources, equipped to handle all outbound and inbound shipments to any location at any time. That is our commitment.","breadcrumb":{"@id":"https:\/\/sr-group.no\/selskapet\/#breadcrumb"},"inLanguage":"en-GB","potentialAction":[{"@type":"ReadAction","target":["https:\/\/sr-group.no\/selskapet\/"]}]},{"@type":"ImageObject","inLanguage":"en-GB","@id":"https:\/\/sr-group.no\/selskapet\/#primaryimage","url":"https:\/\/sr-group.no\/wp-content\/uploads\/2023\/03\/veitransport-DSC_6400.jpg","contentUrl":"https:\/\/sr-group.no\/wp-content\/uploads\/2023\/03\/veitransport-DSC_6400.jpg","width":1600,"height":900},{"@type":"BreadcrumbList","@id":"https:\/\/sr-group.no\/selskapet\/#breadcrumb","itemListElement":[{"@type":"ListItem","position":1,"name":"Hjem","item":"https:\/\/sr-group.no\/"},{"@type":"ListItem","position":2,"name":"Selskapet"}]},{"@type":"WebSite","@id":"https:\/\/sr-group.no\/#website","url":"https:\/\/sr-group.no\/","name":"SR Group","description":"","publisher":{"@id":"https:\/\/sr-group.no\/#organization"},"potentialAction":[{"@type":"SearchAction","target":{"@type":"EntryPoint","urlTemplate":"https:\/\/sr-group.no\/?s={search_term_string}"},"query-input":{"@type":"PropertyValueSpecification","valueRequired":true,"valueName":"search_term_string"}}],"inLanguage":"en-GB"},{"@type":"Organization","@id":"https:\/\/sr-group.no\/#organization","name":"SR Group","url":"https:\/\/sr-group.no\/","logo":{"@type":"ImageObject","inLanguage":"en-GB","@id":"https:\/\/sr-group.no\/#\/schema\/logo\/image\/","url":"https:\/\/sr-group.no\/wp-content\/uploads\/2023\/03\/sr-group-logo-whiteBG-300.svg","contentUrl":"https:\/\/sr-group.no\/wp-content\/uploads\/2023\/03\/sr-group-logo-whiteBG-300.svg","width":299,"height":83,"caption":"SR Group"},"image":{"@id":"https:\/\/sr-group.no\/#\/schema\/logo\/image\/"},"sameAs":["https:\/\/www.facebook.com\/srgroupas\/","https:\/\/www.instagram.com\/srgroupas\/","https:\/\/www.linkedin.com\/company\/srgroupas\/","https:\/\/www.youtube.com\/channel\/UCtGTRnOdUB-Wz7Hj5kCSKVQ"]}]}},"_links":{"self":[{"href":"https:\/\/sr-group.no\/en\/wp-json\/wp\/v2\/pages\/22","targetHints":{"allow":["GET"]}}],"collection":[{"href":"https:\/\/sr-group.no\/en\/wp-json\/wp\/v2\/pages"}],"about":[{"href":"https:\/\/sr-group.no\/en\/wp-json\/wp\/v2\/types\/page"}],"author":[{"embeddable":true,"href":"https:\/\/sr-group.no\/en\/wp-json\/wp\/v2\/users\/1"}],"replies":[{"embeddable":true,"href":"https:\/\/sr-group.no\/en\/wp-json\/wp\/v2\/comments?post=22"}],"version-history":[{"count":0,"href":"https:\/\/sr-group.no\/en\/wp-json\/wp\/v2\/pages\/22\/revisions"}],"wp:featuredmedia":[{"embeddable":true,"href":"https:\/\/sr-group.no\/en\/wp-json\/wp\/v2\/media\/6470"}],"wp:attachment":[{"href":"https:\/\/sr-group.no\/en\/wp-json\/wp\/v2\/media?parent=22"}],"curies":[{"name":"wp","href":"https:\/\/api.w.org\/{rel}","templated":true}]}}