{"id":20,"date":"2023-03-01T10:02:28","date_gmt":"2023-03-01T10:02:28","guid":{"rendered":"https:\/\/sr-group.no\/?page_id=20"},"modified":"2026-02-18T15:07:15","modified_gmt":"2026-02-18T15:07:15","slug":"contact","status":"publish","type":"page","link":"https:\/\/sr-group.no\/en\/kontakt\/","title":{"rendered":"Get in touch"},"content":{"rendered":"<p>At SR Group AS, we are committed to giving you the best experience.<\/p>\n<p>Our teams know both the company and the organisation well and are here to provide you with the information and support you need. For us, good customer service is a core value that contributes to our customers' overall experience. Our employees are solution-oriented, accommodating and professionally strong, and we emphasise quick response and a positive approach.<\/p>","protected":false},"excerpt":{"rendered":"<p>Hos SR Group AS er vi opptatt av \u00e5 gi deg den beste opplevelsen. V\u00e5re team kjenner b\u00e5de selskapet og organisasjonen godt og er her for \u00e5 gi deg den informasjonen og st\u00f8tten du trenger. For oss er god kundeservice en kjerneverdi som bidrar til v\u00e5re kunders totale opplevelse. V\u00e5re medarbeidere er l\u00f8sningsorienterte, im\u00f8tekommende og [&hellip;]<\/p>\n","protected":false},"author":1,"featured_media":6553,"parent":0,"menu_order":12,"comment_status":"closed","ping_status":"closed","template":"","meta":{"_acf_changed":false,"inline_featured_image":false,"footnotes":""},"class_list":["post-20","page","type-page","status-publish","has-post-thumbnail","hentry"],"acf":[],"yoast_head":"<!-- This site is optimized with the Yoast SEO plugin v27.3 - https:\/\/yoast.com\/product\/yoast-seo-wordpress\/ -->\n<title>Kontakt oss - SR Group<\/title>\n<meta name=\"description\" content=\"God kundeservice er viktig for oss og v\u00e5re kunders totale opplevelse av SR Group. V\u00e5re medarbeidere har en l\u00f8sningsorientert og positiv adferd, h\u00f8y grad av fagkompetanse, im\u00f8tekommenhet og rask respon\" \/>\n<meta name=\"robots\" content=\"index, follow, max-snippet:-1, max-image-preview:large, max-video-preview:-1\" \/>\n<link rel=\"canonical\" href=\"https:\/\/sr-group.no\/en\/contact\/\" \/>\n<meta property=\"og:locale\" content=\"en_GB\" \/>\n<meta property=\"og:type\" content=\"article\" \/>\n<meta property=\"og:title\" content=\"Kontakt oss - SR Group\" \/>\n<meta property=\"og:description\" content=\"God kundeservice er viktig for oss og v\u00e5re kunders totale opplevelse av SR Group. V\u00e5re medarbeidere har en l\u00f8sningsorientert og positiv adferd, h\u00f8y grad av fagkompetanse, im\u00f8tekommenhet og rask respon\" \/>\n<meta property=\"og:url\" content=\"https:\/\/sr-group.no\/en\/contact\/\" \/>\n<meta property=\"og:site_name\" content=\"SR Group\" \/>\n<meta property=\"article:publisher\" content=\"https:\/\/www.facebook.com\/srgroupas\/\" \/>\n<meta property=\"article:modified_time\" content=\"2026-02-18T15:07:15+00:00\" \/>\n<meta property=\"og:image\" content=\"https:\/\/sr-group.no\/wp-content\/uploads\/2023\/03\/kontakt-forside-DSC_5999.jpg\" \/>\n\t<meta property=\"og:image:width\" content=\"1600\" \/>\n\t<meta property=\"og:image:height\" content=\"900\" \/>\n\t<meta property=\"og:image:type\" content=\"image\/jpeg\" \/>\n<meta name=\"twitter:card\" content=\"summary_large_image\" \/>\n<meta name=\"twitter:label1\" content=\"Estimated reading time\" \/>\n\t<meta name=\"twitter:data1\" content=\"1 minute\" \/>\n<script type=\"application\/ld+json\" class=\"yoast-schema-graph\">{\"@context\":\"https:\\\/\\\/schema.org\",\"@graph\":[{\"@type\":\"WebPage\",\"@id\":\"https:\\\/\\\/sr-group.no\\\/kontakt\\\/\",\"url\":\"https:\\\/\\\/sr-group.no\\\/kontakt\\\/\",\"name\":\"Kontakt oss - SR Group\",\"isPartOf\":{\"@id\":\"https:\\\/\\\/sr-group.no\\\/#website\"},\"primaryImageOfPage\":{\"@id\":\"https:\\\/\\\/sr-group.no\\\/kontakt\\\/#primaryimage\"},\"image\":{\"@id\":\"https:\\\/\\\/sr-group.no\\\/kontakt\\\/#primaryimage\"},\"thumbnailUrl\":\"https:\\\/\\\/sr-group.no\\\/wp-content\\\/uploads\\\/2023\\\/03\\\/kontakt-forside-DSC_5999.jpg\",\"datePublished\":\"2023-03-01T10:02:28+00:00\",\"dateModified\":\"2026-02-18T15:07:15+00:00\",\"description\":\"God kundeservice er viktig for oss og v\u00e5re kunders totale opplevelse av SR Group. V\u00e5re medarbeidere har en l\u00f8sningsorientert og positiv adferd, h\u00f8y grad av fagkompetanse, im\u00f8tekommenhet og rask respon\",\"breadcrumb\":{\"@id\":\"https:\\\/\\\/sr-group.no\\\/kontakt\\\/#breadcrumb\"},\"inLanguage\":\"en-GB\",\"potentialAction\":[{\"@type\":\"ReadAction\",\"target\":[\"https:\\\/\\\/sr-group.no\\\/kontakt\\\/\"]}]},{\"@type\":\"ImageObject\",\"inLanguage\":\"en-GB\",\"@id\":\"https:\\\/\\\/sr-group.no\\\/kontakt\\\/#primaryimage\",\"url\":\"https:\\\/\\\/sr-group.no\\\/wp-content\\\/uploads\\\/2023\\\/03\\\/kontakt-forside-DSC_5999.jpg\",\"contentUrl\":\"https:\\\/\\\/sr-group.no\\\/wp-content\\\/uploads\\\/2023\\\/03\\\/kontakt-forside-DSC_5999.jpg\",\"width\":1600,\"height\":900},{\"@type\":\"BreadcrumbList\",\"@id\":\"https:\\\/\\\/sr-group.no\\\/kontakt\\\/#breadcrumb\",\"itemListElement\":[{\"@type\":\"ListItem\",\"position\":1,\"name\":\"Hjem\",\"item\":\"https:\\\/\\\/sr-group.no\\\/\"},{\"@type\":\"ListItem\",\"position\":2,\"name\":\"Kontakt oss\"}]},{\"@type\":\"WebSite\",\"@id\":\"https:\\\/\\\/sr-group.no\\\/#website\",\"url\":\"https:\\\/\\\/sr-group.no\\\/\",\"name\":\"SR Group\",\"description\":\"\",\"publisher\":{\"@id\":\"https:\\\/\\\/sr-group.no\\\/#organization\"},\"potentialAction\":[{\"@type\":\"SearchAction\",\"target\":{\"@type\":\"EntryPoint\",\"urlTemplate\":\"https:\\\/\\\/sr-group.no\\\/?s={search_term_string}\"},\"query-input\":{\"@type\":\"PropertyValueSpecification\",\"valueRequired\":true,\"valueName\":\"search_term_string\"}}],\"inLanguage\":\"en-GB\"},{\"@type\":\"Organization\",\"@id\":\"https:\\\/\\\/sr-group.no\\\/#organization\",\"name\":\"SR Group\",\"url\":\"https:\\\/\\\/sr-group.no\\\/\",\"logo\":{\"@type\":\"ImageObject\",\"inLanguage\":\"en-GB\",\"@id\":\"https:\\\/\\\/sr-group.no\\\/#\\\/schema\\\/logo\\\/image\\\/\",\"url\":\"https:\\\/\\\/sr-group.no\\\/wp-content\\\/uploads\\\/2023\\\/03\\\/sr-group-logo-whiteBG-300.svg\",\"contentUrl\":\"https:\\\/\\\/sr-group.no\\\/wp-content\\\/uploads\\\/2023\\\/03\\\/sr-group-logo-whiteBG-300.svg\",\"width\":299,\"height\":83,\"caption\":\"SR Group\"},\"image\":{\"@id\":\"https:\\\/\\\/sr-group.no\\\/#\\\/schema\\\/logo\\\/image\\\/\"},\"sameAs\":[\"https:\\\/\\\/www.facebook.com\\\/srgroupas\\\/\",\"https:\\\/\\\/www.instagram.com\\\/srgroupas\\\/\",\"https:\\\/\\\/www.linkedin.com\\\/company\\\/srgroupas\\\/\",\"https:\\\/\\\/www.youtube.com\\\/channel\\\/UCtGTRnOdUB-Wz7Hj5kCSKVQ\"]}]}<\/script>\n<!-- \/ Yoast SEO plugin. -->","yoast_head_json":{"title":"Contact us - SR Group","description":"Good customer service is important to us and to our customers' overall experience of SR Group. Our employees have a solution-oriented and positive demeanour, a high degree of professional competence, attentiveness and quick response.","robots":{"index":"index","follow":"follow","max-snippet":"max-snippet:-1","max-image-preview":"max-image-preview:large","max-video-preview":"max-video-preview:-1"},"canonical":"https:\/\/sr-group.no\/en\/contact\/","og_locale":"en_GB","og_type":"article","og_title":"Kontakt oss - SR Group","og_description":"God kundeservice er viktig for oss og v\u00e5re kunders totale opplevelse av SR Group. V\u00e5re medarbeidere har en l\u00f8sningsorientert og positiv adferd, h\u00f8y grad av fagkompetanse, im\u00f8tekommenhet og rask respon","og_url":"https:\/\/sr-group.no\/en\/contact\/","og_site_name":"SR Group","article_publisher":"https:\/\/www.facebook.com\/srgroupas\/","article_modified_time":"2026-02-18T15:07:15+00:00","og_image":[{"width":1600,"height":900,"url":"https:\/\/sr-group.no\/wp-content\/uploads\/2023\/03\/kontakt-forside-DSC_5999.jpg","type":"image\/jpeg"}],"twitter_card":"summary_large_image","twitter_misc":{"Estimated reading time":"1 minute"},"schema":{"@context":"https:\/\/schema.org","@graph":[{"@type":"WebPage","@id":"https:\/\/sr-group.no\/kontakt\/","url":"https:\/\/sr-group.no\/kontakt\/","name":"Contact us - SR Group","isPartOf":{"@id":"https:\/\/sr-group.no\/#website"},"primaryImageOfPage":{"@id":"https:\/\/sr-group.no\/kontakt\/#primaryimage"},"image":{"@id":"https:\/\/sr-group.no\/kontakt\/#primaryimage"},"thumbnailUrl":"https:\/\/sr-group.no\/wp-content\/uploads\/2023\/03\/kontakt-forside-DSC_5999.jpg","datePublished":"2023-03-01T10:02:28+00:00","dateModified":"2026-02-18T15:07:15+00:00","description":"Good customer service is important to us and to our customers' overall experience of SR Group. Our employees have a solution-oriented and positive demeanour, a high degree of professional competence, attentiveness and quick response.","breadcrumb":{"@id":"https:\/\/sr-group.no\/kontakt\/#breadcrumb"},"inLanguage":"en-GB","potentialAction":[{"@type":"ReadAction","target":["https:\/\/sr-group.no\/kontakt\/"]}]},{"@type":"ImageObject","inLanguage":"en-GB","@id":"https:\/\/sr-group.no\/kontakt\/#primaryimage","url":"https:\/\/sr-group.no\/wp-content\/uploads\/2023\/03\/kontakt-forside-DSC_5999.jpg","contentUrl":"https:\/\/sr-group.no\/wp-content\/uploads\/2023\/03\/kontakt-forside-DSC_5999.jpg","width":1600,"height":900},{"@type":"BreadcrumbList","@id":"https:\/\/sr-group.no\/kontakt\/#breadcrumb","itemListElement":[{"@type":"ListItem","position":1,"name":"Hjem","item":"https:\/\/sr-group.no\/"},{"@type":"ListItem","position":2,"name":"Kontakt oss"}]},{"@type":"WebSite","@id":"https:\/\/sr-group.no\/#website","url":"https:\/\/sr-group.no\/","name":"SR Group","description":"","publisher":{"@id":"https:\/\/sr-group.no\/#organization"},"potentialAction":[{"@type":"SearchAction","target":{"@type":"EntryPoint","urlTemplate":"https:\/\/sr-group.no\/?s={search_term_string}"},"query-input":{"@type":"PropertyValueSpecification","valueRequired":true,"valueName":"search_term_string"}}],"inLanguage":"en-GB"},{"@type":"Organization","@id":"https:\/\/sr-group.no\/#organization","name":"SR Group","url":"https:\/\/sr-group.no\/","logo":{"@type":"ImageObject","inLanguage":"en-GB","@id":"https:\/\/sr-group.no\/#\/schema\/logo\/image\/","url":"https:\/\/sr-group.no\/wp-content\/uploads\/2023\/03\/sr-group-logo-whiteBG-300.svg","contentUrl":"https:\/\/sr-group.no\/wp-content\/uploads\/2023\/03\/sr-group-logo-whiteBG-300.svg","width":299,"height":83,"caption":"SR Group"},"image":{"@id":"https:\/\/sr-group.no\/#\/schema\/logo\/image\/"},"sameAs":["https:\/\/www.facebook.com\/srgroupas\/","https:\/\/www.instagram.com\/srgroupas\/","https:\/\/www.linkedin.com\/company\/srgroupas\/","https:\/\/www.youtube.com\/channel\/UCtGTRnOdUB-Wz7Hj5kCSKVQ"]}]}},"_links":{"self":[{"href":"https:\/\/sr-group.no\/en\/wp-json\/wp\/v2\/pages\/20","targetHints":{"allow":["GET"]}}],"collection":[{"href":"https:\/\/sr-group.no\/en\/wp-json\/wp\/v2\/pages"}],"about":[{"href":"https:\/\/sr-group.no\/en\/wp-json\/wp\/v2\/types\/page"}],"author":[{"embeddable":true,"href":"https:\/\/sr-group.no\/en\/wp-json\/wp\/v2\/users\/1"}],"replies":[{"embeddable":true,"href":"https:\/\/sr-group.no\/en\/wp-json\/wp\/v2\/comments?post=20"}],"version-history":[{"count":0,"href":"https:\/\/sr-group.no\/en\/wp-json\/wp\/v2\/pages\/20\/revisions"}],"wp:featuredmedia":[{"embeddable":true,"href":"https:\/\/sr-group.no\/en\/wp-json\/wp\/v2\/media\/6553"}],"wp:attachment":[{"href":"https:\/\/sr-group.no\/en\/wp-json\/wp\/v2\/media?parent=20"}],"curies":[{"name":"wp","href":"https:\/\/api.w.org\/{rel}","templated":true}]}}